{"id":1762,"date":"2025-08-08T06:55:10","date_gmt":"2025-08-08T04:55:10","guid":{"rendered":"https:\/\/adventiapharma.midrocket.com\/?page_id=1762"},"modified":"2025-08-09T03:48:55","modified_gmt":"2025-08-09T01:48:55","slug":"politica-de-cookies","status":"publish","type":"page","link":"https:\/\/adventiapharma.com\/en\/politica-de-cookies\/","title":{"rendered":"Cookies policy"},"content":{"rendered":"<div data-elementor-type=\"wp-page\" data-elementor-id=\"1762\" class=\"elementor elementor-1762\" data-elementor-post-type=\"page\">\n\t\t\t\t<div class=\"elementor-element elementor-element-e4627b2 e-flex e-con-boxed e-con e-parent\" data-id=\"e4627b2\" data-element_type=\"container\" data-settings=\"{&quot;background_background&quot;:&quot;classic&quot;}\">\n\t\t\t\t\t<div class=\"e-con-inner\">\n\t\t\t\t<div class=\"elementor-element elementor-element-fe627f6 elementor-widget elementor-widget-heading\" data-id=\"fe627f6\" data-element_type=\"widget\" data-widget_type=\"heading.default\">\n\t\t\t\t\t<h1 class=\"elementor-heading-title elementor-size-default\">Cookies policy<\/h1>\t\t\t\t<\/div>\n\t\t\t\t\t<\/div>\n\t\t\t\t<\/div>\n\t\t<div class=\"elementor-element elementor-element-f9eeb0e e-con-full e-flex e-con e-parent\" data-id=\"f9eeb0e\" data-element_type=\"container\">\n\t\t\t\t<div class=\"elementor-element elementor-element-9bd49e2 elementor-widget elementor-widget-text-editor\" data-id=\"9bd49e2\" data-element_type=\"widget\" data-widget_type=\"text-editor.default\">\n\t\t\t\t\t\t\t\t\t<section id=\"section-6-863\" class=\"ct-section subseccion\">\n<div class=\"ct-section-inner-wrap\">\n<h2 id=\"headline-7-863\" class=\"ct-headline subtitulo-general\">How does the company that owns this website use cookies?<\/h2>\n<div id=\"text_block-8-863\" class=\"ct-text-block texto-general\">The company that owns this website uses various technologies to improve the efficiency of its websites, including your experience when browsing them. These technologies include cookies.<\/div>\n<\/div>\n<\/section><section id=\"section-11-863\" class=\"ct-section subseccion\">\n<div class=\"ct-section-inner-wrap\">\n<h2 id=\"headline-12-863\" class=\"ct-headline subtitulo-general\">What is a cookie?<\/h2>\n<div id=\"text_block-13-863\" class=\"ct-text-block texto-general\">A cookie is a small file, usually made up of letters and numbers, that is placed on your computer, tablet, phone, or similar device when you use it to visit a website. Website owners use cookies to make their sites work or to make them work more efficiently, as well as to report information.<\/div>\n<\/div>\n<\/section><section id=\"section-14-863\" class=\"ct-section subseccion\">\n<div class=\"ct-section-inner-wrap\">\n<h2 id=\"headline-15-863\" class=\"ct-headline subtitulo-general\">What are cookies used for?<\/h2>\n<div id=\"text_block-16-863\" class=\"ct-text-block texto-general\">\n\nThere are different types of cookies for different uses. The company that owns this website uses the following types of cookies:\n\n<div id=\"div_block-42-863\" class=\"ct-div-block tabla-general\"><div id=\"div_block-43-863\" class=\"ct-div-block tabla-general-fila\"><div id=\"div_block-44-863\" class=\"ct-div-block tabla-general-columna-1\"><h5 id=\"headline-45-863\" class=\"ct-headline subtitulo-tabla\">Name<\/h5><\/div><div id=\"div_block-79-863\" class=\"ct-div-block tabla-general-columna-2\"><div id=\"text_block-80-863\" class=\"ct-text-block texto-general\">Supplier<\/div><\/div><\/div><div id=\"div_block-46-863\" class=\"ct-div-block tabla-general-fila\"><div id=\"div_block-47-863\" class=\"ct-div-block tabla-general-columna-1\"><h5 id=\"headline-48-863\" class=\"ct-headline subtitulo-tabla\">_ga, _gat, _gid<\/h5><\/div><div id=\"div_block-49-863\" class=\"ct-div-block tabla-general-columna-2\"><div id=\"text_block-50-863\" class=\"ct-text-block texto-general\">Google Analytics<\/div><\/div><\/div><div id=\"div_block-51-863\" class=\"ct-div-block tabla-general-fila\"><div id=\"div_block-52-863\" class=\"ct-div-block tabla-general-columna-1\"><h5 id=\"headline-53-863\" class=\"ct-headline subtitulo-tabla\">_cfduid, __utma,<\/h5><\/div><div id=\"div_block-54-863\" class=\"ct-div-block tabla-general-columna-2\"><div id=\"text_block-55-863\" class=\"ct-text-block texto-general\">Google Analytics<\/div><\/div><\/div><div id=\"div_block-56-863\" class=\"ct-div-block tabla-general-fila\"><div id=\"div_block-57-863\" class=\"ct-div-block tabla-general-columna-1\"><h5 id=\"headline-58-863\" class=\"ct-headline subtitulo-tabla\">__utmz<\/h5><\/div><div id=\"div_block-59-863\" class=\"ct-div-block tabla-general-columna-2\"><div id=\"text_block-60-863\" class=\"ct-text-block texto-general\"><\/div><\/div><\/div><\/div>\n\n<\/div>\n<div id=\"text_block-21-863\" class=\"ct-text-block texto-general\">\n\n\u2022 Strictly necessary cookies. These cookies are essential for the operation of our website, for example, to allow you to log in to secure areas of our website or to use a virtual shopping cart. \u2022 Performance and analytics cookies. These cookies allow us to recognize and count the number of visitors to our website and to see how they move around it while using it. This helps us to improve the way our website works (for example, by ensuring that visitors can easily find what they are looking for). \u2022 Functionality cookies. These cookies are used to recognize you when you return to the website. This allows us to personalize our content for you, greeting you by name and remembering your preferences, such as your language or region. \u2022 Targeting cookies. These cookies record your visit to the website, the pages you have visited, and the links you have followed. We use this information to make our website and its content more relevant to your interests. This information may also be shared with third parties for this purpose.\n\n<\/div>\n<div id=\"text_block-76-863\" class=\"ct-text-block texto-general\">Specifically, the following cookies are installed on this website:<\/div>\n<div id=\"text_block-89-863\" class=\"ct-text-block texto-general\">Google Analytics cookies, with indefinite duration<\/div>\n<div id=\"text_block-92-863\" class=\"ct-text-block texto-general\">_ga, _gat, _gid Purpose: Statistical analysis of website visits<\/div>\n<\/div>\n<\/section><section id=\"section-23-863\" class=\"ct-section subseccion\">\n<div class=\"ct-section-inner-wrap\">\n<h2 id=\"headline-24-863\" class=\"ct-headline subtitulo-general\">How long do cookies stay on my device?<\/h2>\n<div id=\"text_block-25-863\" class=\"ct-text-block texto-general\">\n\nSome cookies function from the moment you visit a website of the company that owns this website until the end of that specific browsing session. These cookies expire and are automatically deleted when you close your internet browser. These cookies are called temporary or &quot;session&quot; cookies. Some cookies will remain on your device across browsing sessions and do not expire when you close your browser. These cookies are called &quot;persistent&quot; cookies. The length of time a persistent cookie remains on your device varies.\n\n<\/div>\n<\/div>\n<\/section><section id=\"section-28-863\" class=\"ct-section subseccion\">\n<div class=\"ct-section-inner-wrap\">\n<h2 id=\"headline-29-863\" class=\"ct-headline subtitulo-general\">Who installs cookies on my device?<\/h2>\n<div id=\"text_block-30-863\" class=\"ct-text-block texto-general\">The company that owns this website, as the website operator, installs cookies on your device. These cookies are called &quot;first-party&quot; cookies. Other providers may also install cookies on your device. These cookies are called &quot;third-party&quot; cookies.<\/div>\n<\/div>\n<\/section><section id=\"section-33-863\" class=\"ct-section subseccion\">\n<div class=\"ct-section-inner-wrap\">\n<h2 id=\"headline-34-863\" class=\"ct-headline subtitulo-general\">How do I control which cookies are installed on my device?<\/h2>\n<div id=\"text_block-35-863\" class=\"ct-text-block texto-general\">It is up to you whether you accept cookies or not. One way to do this is through your internet browser settings. Most internet browsers allow you to control almost all cookies through their settings. (Please note that if you use your browser settings to block all cookies, you may not be able to access certain sections of our website.) The following websites offer information on how to configure cookies in some of the most popular browsers:<\/div>\n<div id=\"text_block-36-863\" class=\"ct-text-block texto-general\">\u00b7 Apple Safari \u00b7 Google Chrome \u00b7 Microsoft Internet Explorer \u00b7 Mozilla Firefox<\/div>\n<div id=\"text_block-40-863\" class=\"ct-text-block texto-general\">\n\nYou can also use a browser plug-in, such as Ghostery from Evidon Inc. or Tracking Protection List from TRUSTe. (A browser plug-in is a piece of software that adds extra functionality to your browser, for example, to watch a video or scan for viruses.) Adobe Flash Player is software for viewing multimedia on a computer. Websites that use Adobe Flash may store Flash cookies on users&#039; devices to remember settings, preferences, and similar uses for other types of cookies. The company that owns this website may use Flash to provide special content such as video clips or animations. You can access Flash management tools directly on the Adobe website. To opt out of Google Analytics cookies on the websites of the company that owns this website, visit: Google Analytics: http:\/\/tools.google.com\/dlpage\/gaoptout. For more information about ads that may interest you and your choices, visit these sites: Digital Advertising Alliance, Network Advertising Initiative, and Interactive Advertising Bureau (IAB) Europe. If you would like more information about cookies in general, including how cookies are installed and how to manage and delete them, please visit www.allaboutcookies.org.\n\n<\/div>\n<\/div>\n<\/section>\t\t\t\t\t\t\t\t<\/div>\n\t\t\t\t<\/div>\n\t\t\t\t<\/div>","protected":false},"excerpt":{"rendered":"<p>Pol\u00edtica de cookies \u00bfC\u00f3mo utiliza la empresa titular de esta web las cookies? La empresa titular de esta web utiliza varias tecnolog\u00edas para mejorar la eficiencia de sus sitios web, incluyendo su experiencia cuando navega por dichos sitios. Estas tecnolog\u00edas incluyen cookies. \u00bfQu\u00e9 es una cookie? Una cookie es un peque\u00f1o archivo, que normalmente est\u00e1 [&hellip;]<\/p>\n","protected":false},"author":1,"featured_media":0,"parent":0,"menu_order":0,"comment_status":"closed","ping_status":"closed","template":"elementor_header_footer","meta":{"_acf_changed":false,"footnotes":""},"class_list":["post-1762","page","type-page","status-publish","hentry"],"acf":[],"yoast_head":"<!-- This site is optimized with the Yoast SEO plugin v27.4 - https:\/\/yoast.com\/product\/yoast-seo-wordpress\/ -->\n<title>Pol\u00edtica de cookies - Adventia Pharma<\/title>\n<meta name=\"robots\" content=\"index, follow, max-snippet:-1, max-image-preview:large, max-video-preview:-1\" \/>\n<link rel=\"canonical\" href=\"https:\/\/adventiapharma.com\/en\/politica-de-cookies\/\" \/>\n<meta property=\"og:locale\" content=\"en_GB\" \/>\n<meta property=\"og:type\" content=\"article\" \/>\n<meta property=\"og:title\" content=\"Pol\u00edtica de cookies - Adventia Pharma\" \/>\n<meta property=\"og:description\" content=\"Pol\u00edtica de cookies \u00bfC\u00f3mo utiliza la empresa titular de esta web las cookies? La empresa titular de esta web utiliza varias tecnolog\u00edas para mejorar la eficiencia de sus sitios web, incluyendo su experiencia cuando navega por dichos sitios. Estas tecnolog\u00edas incluyen cookies. \u00bfQu\u00e9 es una cookie? Una cookie es un peque\u00f1o archivo, que normalmente est\u00e1 [&hellip;]\" \/>\n<meta property=\"og:url\" content=\"https:\/\/adventiapharma.com\/en\/politica-de-cookies\/\" \/>\n<meta property=\"og:site_name\" content=\"Adventia Pharma\" \/>\n<meta property=\"article:modified_time\" content=\"2025-08-09T01:48:55+00:00\" \/>\n<meta name=\"twitter:card\" content=\"summary_large_image\" \/>\n<meta name=\"twitter:label1\" content=\"Estimated reading time\" \/>\n\t<meta name=\"twitter:data1\" content=\"4 minutes\" \/>\n<script type=\"application\/ld+json\" class=\"yoast-schema-graph\">{\"@context\":\"https:\\\/\\\/schema.org\",\"@graph\":[{\"@type\":\"WebPage\",\"@id\":\"https:\\\/\\\/adventiapharma.com\\\/politica-de-cookies\\\/\",\"url\":\"https:\\\/\\\/adventiapharma.com\\\/politica-de-cookies\\\/\",\"name\":\"Pol\u00edtica de cookies - Adventia Pharma\",\"isPartOf\":{\"@id\":\"https:\\\/\\\/adventiapharma.com\\\/#website\"},\"datePublished\":\"2025-08-08T04:55:10+00:00\",\"dateModified\":\"2025-08-09T01:48:55+00:00\",\"breadcrumb\":{\"@id\":\"https:\\\/\\\/adventiapharma.com\\\/politica-de-cookies\\\/#breadcrumb\"},\"inLanguage\":\"en-GB\",\"potentialAction\":[{\"@type\":\"ReadAction\",\"target\":[\"https:\\\/\\\/adventiapharma.com\\\/politica-de-cookies\\\/\"]}]},{\"@type\":\"BreadcrumbList\",\"@id\":\"https:\\\/\\\/adventiapharma.com\\\/politica-de-cookies\\\/#breadcrumb\",\"itemListElement\":[{\"@type\":\"ListItem\",\"position\":1,\"name\":\"Portada\",\"item\":\"https:\\\/\\\/adventiapharma.com\\\/\"},{\"@type\":\"ListItem\",\"position\":2,\"name\":\"Pol\u00edtica de cookies\"}]},{\"@type\":\"WebSite\",\"@id\":\"https:\\\/\\\/adventiapharma.com\\\/#website\",\"url\":\"https:\\\/\\\/adventiapharma.com\\\/\",\"name\":\"Adventia Pharma\",\"description\":\"Innovamos por ti\",\"potentialAction\":[{\"@type\":\"SearchAction\",\"target\":{\"@type\":\"EntryPoint\",\"urlTemplate\":\"https:\\\/\\\/adventiapharma.com\\\/?s={search_term_string}\"},\"query-input\":{\"@type\":\"PropertyValueSpecification\",\"valueRequired\":true,\"valueName\":\"search_term_string\"}}],\"inLanguage\":\"en-GB\"}]}<\/script>\n<!-- \/ Yoast SEO plugin. -->","yoast_head_json":{"title":"Pol\u00edtica de cookies - Adventia Pharma","robots":{"index":"index","follow":"follow","max-snippet":"max-snippet:-1","max-image-preview":"max-image-preview:large","max-video-preview":"max-video-preview:-1"},"canonical":"https:\/\/adventiapharma.com\/en\/politica-de-cookies\/","og_locale":"en_GB","og_type":"article","og_title":"Pol\u00edtica de cookies - Adventia Pharma","og_description":"Pol\u00edtica de cookies \u00bfC\u00f3mo utiliza la empresa titular de esta web las cookies? La empresa titular de esta web utiliza varias tecnolog\u00edas para mejorar la eficiencia de sus sitios web, incluyendo su experiencia cuando navega por dichos sitios. Estas tecnolog\u00edas incluyen cookies. \u00bfQu\u00e9 es una cookie? Una cookie es un peque\u00f1o archivo, que normalmente est\u00e1 [&hellip;]","og_url":"https:\/\/adventiapharma.com\/en\/politica-de-cookies\/","og_site_name":"Adventia Pharma","article_modified_time":"2025-08-09T01:48:55+00:00","twitter_card":"summary_large_image","twitter_misc":{"Estimated reading time":"4 minutes"},"schema":{"@context":"https:\/\/schema.org","@graph":[{"@type":"WebPage","@id":"https:\/\/adventiapharma.com\/politica-de-cookies\/","url":"https:\/\/adventiapharma.com\/politica-de-cookies\/","name":"Pol\u00edtica de cookies - Adventia Pharma","isPartOf":{"@id":"https:\/\/adventiapharma.com\/#website"},"datePublished":"2025-08-08T04:55:10+00:00","dateModified":"2025-08-09T01:48:55+00:00","breadcrumb":{"@id":"https:\/\/adventiapharma.com\/politica-de-cookies\/#breadcrumb"},"inLanguage":"en-GB","potentialAction":[{"@type":"ReadAction","target":["https:\/\/adventiapharma.com\/politica-de-cookies\/"]}]},{"@type":"BreadcrumbList","@id":"https:\/\/adventiapharma.com\/politica-de-cookies\/#breadcrumb","itemListElement":[{"@type":"ListItem","position":1,"name":"Portada","item":"https:\/\/adventiapharma.com\/"},{"@type":"ListItem","position":2,"name":"Pol\u00edtica de cookies"}]},{"@type":"WebSite","@id":"https:\/\/adventiapharma.com\/#website","url":"https:\/\/adventiapharma.com\/","name":"Adventia Pharma","description":"We innovate for you","potentialAction":[{"@type":"SearchAction","target":{"@type":"EntryPoint","urlTemplate":"https:\/\/adventiapharma.com\/?s={search_term_string}"},"query-input":{"@type":"PropertyValueSpecification","valueRequired":true,"valueName":"search_term_string"}}],"inLanguage":"en-GB"}]}},"_links":{"self":[{"href":"https:\/\/adventiapharma.com\/en\/wp-json\/wp\/v2\/pages\/1762","targetHints":{"allow":["GET"]}}],"collection":[{"href":"https:\/\/adventiapharma.com\/en\/wp-json\/wp\/v2\/pages"}],"about":[{"href":"https:\/\/adventiapharma.com\/en\/wp-json\/wp\/v2\/types\/page"}],"author":[{"embeddable":true,"href":"https:\/\/adventiapharma.com\/en\/wp-json\/wp\/v2\/users\/1"}],"replies":[{"embeddable":true,"href":"https:\/\/adventiapharma.com\/en\/wp-json\/wp\/v2\/comments?post=1762"}],"version-history":[{"count":16,"href":"https:\/\/adventiapharma.com\/en\/wp-json\/wp\/v2\/pages\/1762\/revisions"}],"predecessor-version":[{"id":1850,"href":"https:\/\/adventiapharma.com\/en\/wp-json\/wp\/v2\/pages\/1762\/revisions\/1850"}],"wp:attachment":[{"href":"https:\/\/adventiapharma.com\/en\/wp-json\/wp\/v2\/media?parent=1762"}],"curies":[{"name":"wp","href":"https:\/\/api.w.org\/{rel}","templated":true}]}}