{"id":1771,"date":"2025-08-08T06:56:58","date_gmt":"2025-08-08T04:56:58","guid":{"rendered":"https:\/\/adventiapharma.midrocket.com\/?page_id=1771"},"modified":"2025-08-09T03:03:43","modified_gmt":"2025-08-09T01:03:43","slug":"politica-de-calidad","status":"publish","type":"page","link":"https:\/\/adventiapharma.com\/en\/politica-de-calidad\/","title":{"rendered":"Quality policy"},"content":{"rendered":"<div data-elementor-type=\"wp-page\" data-elementor-id=\"1771\" class=\"elementor elementor-1771\" data-elementor-post-type=\"page\">\n\t\t\t\t<div class=\"elementor-element elementor-element-1d74102 e-flex e-con-boxed e-con e-parent\" data-id=\"1d74102\" data-element_type=\"container\" data-settings=\"{&quot;background_background&quot;:&quot;classic&quot;}\">\n\t\t\t\t\t<div class=\"e-con-inner\">\n\t\t\t\t<div class=\"elementor-element elementor-element-2f26a96 elementor-widget elementor-widget-heading\" data-id=\"2f26a96\" data-element_type=\"widget\" data-widget_type=\"heading.default\">\n\t\t\t\t\t<h1 class=\"elementor-heading-title elementor-size-default\">Quality policy<\/h1>\t\t\t\t<\/div>\n\t\t\t\t\t<\/div>\n\t\t\t\t<\/div>\n\t\t<div class=\"elementor-element elementor-element-2398b81 e-con-full e-flex e-con e-parent\" data-id=\"2398b81\" data-element_type=\"container\">\n\t\t\t\t<div class=\"elementor-element elementor-element-2bfaf81 elementor-widget elementor-widget-text-editor\" data-id=\"2bfaf81\" data-element_type=\"widget\" data-widget_type=\"text-editor.default\">\n\t\t\t\t\t\t\t\t\t<p>The Quality Policy of\u00a0<strong>ADVENTIA PHARMA, SL\u00a0<\/strong>It is aimed at ensuring that all products designed, manufactured and marketed meet the expectations of our customers and users, our contractual obligations, the general and specific legal and regulatory requirements of our activity, as well as to ensure the continuous improvement of processes and the Quality Management System (QMS).<\/p>\n\n<p>To achieve this objective, the company&#039;s action strategy is based on the following principles and commitments:<\/p>\n<ul>\n \t<li>To guarantee excellence in the quality of execution in the products designed, manufactured and marketed.<\/li>\n \t<li>Understanding and meeting the needs and requirements of our customers.<\/li>\n \t<li>To understand and fulfill our contractual obligations.<\/li>\n \t<li>Maintain an effective Quality Management System.<\/li>\n \t<li>Ensuring compliance with applicable legal and regulatory requirements. The General Management assumes responsibility for defining, implementing, and maintaining this Quality Policy, for which purpose it has implemented a Quality Management System in accordance with the requirements of the current standard UNE-EN ISO 9001:2015. The effectiveness of the Quality Management System of\u00a0<strong>ADVENTIA PHARMA, SL\u00a0<\/strong>It depends on the unconditional support of all our employees, so the staff embraces the commitment to quality, understanding the importance of their individual tasks and that the sum of everyone&#039;s efforts makes achieving our objectives possible. The Quality Manager and the Director of Product Development and Quality are under the direct supervision of the General Management, thus ensuring complete independence from other departments or individuals involved in the production process. Their access to management levels allows them to suggest the implementation of any procedures, reviews, or corrective actions they deem necessary for the implementation and maintenance of the Quality Management System.<\/li>\n<\/ul><br>\n<p>The General Management ensures the dissemination of the Quality Policy throughout all areas of the Company, committing to its understanding, application, review, and updating. The General Management defines the company&#039;s specific objectives and the key elements for achieving them, as defined in its Quality Policy, assigning each department the necessary authority and responsibility, and providing them with the infrastructure and human, technical, and financial resources required to meet these objectives.<\/p>\t\t\t\t\t\t\t\t<\/div>\n\t\t\t\t<\/div>\n\t\t\t\t<\/div>","protected":false},"excerpt":{"rendered":"<p>Pol\u00edtica de calidad La Pol\u00edtica de calidad de\u00a0ADVENTIA PHARMA, S.L\u00a0est\u00e1 encaminada a garantizar que todos los productos dise\u00f1ados, fabricados y comercializados satisfagan las expectativas de nuestros clientes y usuarios, nuestras obligaciones contractuales, los requisitos legales y reglamentarios generales y espec\u00edficos de nuestra actividad, as\u00ed como para garantizar la mejora continua de los procesos y del [&hellip;]<\/p>\n","protected":false},"author":1,"featured_media":0,"parent":0,"menu_order":0,"comment_status":"closed","ping_status":"closed","template":"elementor_header_footer","meta":{"_acf_changed":false,"footnotes":""},"class_list":["post-1771","page","type-page","status-publish","hentry"],"acf":[],"yoast_head":"<!-- This site is optimized with the Yoast SEO plugin v27.4 - https:\/\/yoast.com\/product\/yoast-seo-wordpress\/ -->\n<title>Pol\u00edtica de calidad - Adventia Pharma<\/title>\n<meta name=\"robots\" content=\"index, follow, max-snippet:-1, max-image-preview:large, max-video-preview:-1\" \/>\n<link rel=\"canonical\" href=\"https:\/\/adventiapharma.com\/en\/politica-de-calidad\/\" \/>\n<meta property=\"og:locale\" content=\"en_GB\" \/>\n<meta property=\"og:type\" content=\"article\" \/>\n<meta property=\"og:title\" content=\"Pol\u00edtica de calidad - Adventia Pharma\" \/>\n<meta property=\"og:description\" content=\"Pol\u00edtica de calidad La Pol\u00edtica de calidad de\u00a0ADVENTIA PHARMA, S.L\u00a0est\u00e1 encaminada a garantizar que todos los productos dise\u00f1ados, fabricados y comercializados satisfagan las expectativas de nuestros clientes y usuarios, nuestras obligaciones contractuales, los requisitos legales y reglamentarios generales y espec\u00edficos de nuestra actividad, as\u00ed como para garantizar la mejora continua de los procesos y del [&hellip;]\" \/>\n<meta property=\"og:url\" content=\"https:\/\/adventiapharma.com\/en\/politica-de-calidad\/\" \/>\n<meta property=\"og:site_name\" content=\"Adventia Pharma\" \/>\n<meta property=\"article:modified_time\" content=\"2025-08-09T01:03:43+00:00\" \/>\n<meta name=\"twitter:card\" content=\"summary_large_image\" \/>\n<meta name=\"twitter:label1\" content=\"Estimated reading time\" \/>\n\t<meta name=\"twitter:data1\" content=\"2 minutes\" \/>\n<script type=\"application\/ld+json\" class=\"yoast-schema-graph\">{\"@context\":\"https:\\\/\\\/schema.org\",\"@graph\":[{\"@type\":\"WebPage\",\"@id\":\"https:\\\/\\\/adventiapharma.com\\\/politica-de-calidad\\\/\",\"url\":\"https:\\\/\\\/adventiapharma.com\\\/politica-de-calidad\\\/\",\"name\":\"Pol\u00edtica de calidad - Adventia Pharma\",\"isPartOf\":{\"@id\":\"https:\\\/\\\/adventiapharma.com\\\/#website\"},\"datePublished\":\"2025-08-08T04:56:58+00:00\",\"dateModified\":\"2025-08-09T01:03:43+00:00\",\"breadcrumb\":{\"@id\":\"https:\\\/\\\/adventiapharma.com\\\/politica-de-calidad\\\/#breadcrumb\"},\"inLanguage\":\"en-GB\",\"potentialAction\":[{\"@type\":\"ReadAction\",\"target\":[\"https:\\\/\\\/adventiapharma.com\\\/politica-de-calidad\\\/\"]}]},{\"@type\":\"BreadcrumbList\",\"@id\":\"https:\\\/\\\/adventiapharma.com\\\/politica-de-calidad\\\/#breadcrumb\",\"itemListElement\":[{\"@type\":\"ListItem\",\"position\":1,\"name\":\"Portada\",\"item\":\"https:\\\/\\\/adventiapharma.com\\\/\"},{\"@type\":\"ListItem\",\"position\":2,\"name\":\"Pol\u00edtica de calidad\"}]},{\"@type\":\"WebSite\",\"@id\":\"https:\\\/\\\/adventiapharma.com\\\/#website\",\"url\":\"https:\\\/\\\/adventiapharma.com\\\/\",\"name\":\"Adventia Pharma\",\"description\":\"Innovamos por ti\",\"potentialAction\":[{\"@type\":\"SearchAction\",\"target\":{\"@type\":\"EntryPoint\",\"urlTemplate\":\"https:\\\/\\\/adventiapharma.com\\\/?s={search_term_string}\"},\"query-input\":{\"@type\":\"PropertyValueSpecification\",\"valueRequired\":true,\"valueName\":\"search_term_string\"}}],\"inLanguage\":\"en-GB\"}]}<\/script>\n<!-- \/ Yoast SEO plugin. -->","yoast_head_json":{"title":"Quality Policy - Adventia Pharma","robots":{"index":"index","follow":"follow","max-snippet":"max-snippet:-1","max-image-preview":"max-image-preview:large","max-video-preview":"max-video-preview:-1"},"canonical":"https:\/\/adventiapharma.com\/en\/politica-de-calidad\/","og_locale":"en_GB","og_type":"article","og_title":"Pol\u00edtica de calidad - Adventia Pharma","og_description":"Pol\u00edtica de calidad La Pol\u00edtica de calidad de\u00a0ADVENTIA PHARMA, S.L\u00a0est\u00e1 encaminada a garantizar que todos los productos dise\u00f1ados, fabricados y comercializados satisfagan las expectativas de nuestros clientes y usuarios, nuestras obligaciones contractuales, los requisitos legales y reglamentarios generales y espec\u00edficos de nuestra actividad, as\u00ed como para garantizar la mejora continua de los procesos y del [&hellip;]","og_url":"https:\/\/adventiapharma.com\/en\/politica-de-calidad\/","og_site_name":"Adventia Pharma","article_modified_time":"2025-08-09T01:03:43+00:00","twitter_card":"summary_large_image","twitter_misc":{"Estimated reading time":"2 minutes"},"schema":{"@context":"https:\/\/schema.org","@graph":[{"@type":"WebPage","@id":"https:\/\/adventiapharma.com\/politica-de-calidad\/","url":"https:\/\/adventiapharma.com\/politica-de-calidad\/","name":"Quality Policy - Adventia Pharma","isPartOf":{"@id":"https:\/\/adventiapharma.com\/#website"},"datePublished":"2025-08-08T04:56:58+00:00","dateModified":"2025-08-09T01:03:43+00:00","breadcrumb":{"@id":"https:\/\/adventiapharma.com\/politica-de-calidad\/#breadcrumb"},"inLanguage":"en-GB","potentialAction":[{"@type":"ReadAction","target":["https:\/\/adventiapharma.com\/politica-de-calidad\/"]}]},{"@type":"BreadcrumbList","@id":"https:\/\/adventiapharma.com\/politica-de-calidad\/#breadcrumb","itemListElement":[{"@type":"ListItem","position":1,"name":"Portada","item":"https:\/\/adventiapharma.com\/"},{"@type":"ListItem","position":2,"name":"Pol\u00edtica de calidad"}]},{"@type":"WebSite","@id":"https:\/\/adventiapharma.com\/#website","url":"https:\/\/adventiapharma.com\/","name":"Adventia Pharma","description":"We innovate for you","potentialAction":[{"@type":"SearchAction","target":{"@type":"EntryPoint","urlTemplate":"https:\/\/adventiapharma.com\/?s={search_term_string}"},"query-input":{"@type":"PropertyValueSpecification","valueRequired":true,"valueName":"search_term_string"}}],"inLanguage":"en-GB"}]}},"_links":{"self":[{"href":"https:\/\/adventiapharma.com\/en\/wp-json\/wp\/v2\/pages\/1771","targetHints":{"allow":["GET"]}}],"collection":[{"href":"https:\/\/adventiapharma.com\/en\/wp-json\/wp\/v2\/pages"}],"about":[{"href":"https:\/\/adventiapharma.com\/en\/wp-json\/wp\/v2\/types\/page"}],"author":[{"embeddable":true,"href":"https:\/\/adventiapharma.com\/en\/wp-json\/wp\/v2\/users\/1"}],"replies":[{"embeddable":true,"href":"https:\/\/adventiapharma.com\/en\/wp-json\/wp\/v2\/comments?post=1771"}],"version-history":[{"count":16,"href":"https:\/\/adventiapharma.com\/en\/wp-json\/wp\/v2\/pages\/1771\/revisions"}],"predecessor-version":[{"id":1838,"href":"https:\/\/adventiapharma.com\/en\/wp-json\/wp\/v2\/pages\/1771\/revisions\/1838"}],"wp:attachment":[{"href":"https:\/\/adventiapharma.com\/en\/wp-json\/wp\/v2\/media?parent=1771"}],"curies":[{"name":"wp","href":"https:\/\/api.w.org\/{rel}","templated":true}]}}