{"id":2013,"date":"2025-08-22T00:57:16","date_gmt":"2025-08-21T22:57:16","guid":{"rendered":"https:\/\/adventiapharma.midrocket.com\/?page_id=2013"},"modified":"2025-09-19T13:03:49","modified_gmt":"2025-09-19T11:03:49","slug":"noticias","status":"publish","type":"page","link":"https:\/\/adventiapharma.com\/en\/noticias\/","title":{"rendered":"News"},"content":{"rendered":"\t\t<div data-elementor-type=\"wp-page\" data-elementor-id=\"2013\" class=\"elementor elementor-2013\" data-elementor-post-type=\"page\">\n\t\t\t\t<div class=\"elementor-element elementor-element-33827ed e-flex e-con-boxed e-con e-parent\" data-id=\"33827ed\" data-element_type=\"container\" data-settings=\"{&quot;background_background&quot;:&quot;classic&quot;}\">\n\t\t\t\t\t<div class=\"e-con-inner\">\n\t\t\t\t<div class=\"elementor-element elementor-element-5471dca elementor-widget__width-initial elementor-widget elementor-widget-heading\" data-id=\"5471dca\" data-element_type=\"widget\" data-widget_type=\"heading.default\">\n\t\t\t\t\t<h1 class=\"elementor-heading-title elementor-size-default\">Noticias<\/h1>\t\t\t\t<\/div>\n\t\t\t\t\t<\/div>\n\t\t\t\t<\/div>\n\t\t<div class=\"elementor-element elementor-element-2505f2d e-con-full e-flex e-con e-parent\" data-id=\"2505f2d\" data-element_type=\"container\">\n\t\t<div class=\"elementor-element elementor-element-63db894 e-con-full e-flex e-con e-child\" data-id=\"63db894\" data-element_type=\"container\" data-settings=\"{&quot;background_background&quot;:&quot;classic&quot;}\">\n\t\t\t\t<div class=\"elementor-element elementor-element-a1c834c elementor-widget__width-initial elementor-grid-3 elementor-grid-tablet-2 elementor-grid-mobile-1 elementor-widget elementor-widget-loop-grid\" data-id=\"a1c834c\" data-element_type=\"widget\" data-settings=\"{&quot;template_id&quot;:&quot;361&quot;,&quot;row_gap_mobile&quot;:{&quot;unit&quot;:&quot;px&quot;,&quot;size&quot;:50,&quot;sizes&quot;:[]},&quot;_skin&quot;:&quot;post&quot;,&quot;columns&quot;:&quot;3&quot;,&quot;columns_tablet&quot;:&quot;2&quot;,&quot;columns_mobile&quot;:&quot;1&quot;,&quot;edit_handle_selector&quot;:&quot;[data-elementor-type=\\&quot;loop-item\\&quot;]&quot;,&quot;row_gap&quot;:{&quot;unit&quot;:&quot;px&quot;,&quot;size&quot;:&quot;&quot;,&quot;sizes&quot;:[]},&quot;row_gap_widescreen&quot;:{&quot;unit&quot;:&quot;px&quot;,&quot;size&quot;:&quot;&quot;,&quot;sizes&quot;:[]},&quot;row_gap_laptop&quot;:{&quot;unit&quot;:&quot;px&quot;,&quot;size&quot;:&quot;&quot;,&quot;sizes&quot;:[]},&quot;row_gap_tablet_extra&quot;:{&quot;unit&quot;:&quot;px&quot;,&quot;size&quot;:&quot;&quot;,&quot;sizes&quot;:[]},&quot;row_gap_tablet&quot;:{&quot;unit&quot;:&quot;px&quot;,&quot;size&quot;:&quot;&quot;,&quot;sizes&quot;:[]},&quot;row_gap_mobile_extra&quot;:{&quot;unit&quot;:&quot;px&quot;,&quot;size&quot;:&quot;&quot;,&quot;sizes&quot;:[]}}\" data-widget_type=\"loop-grid.post\">\n\t\t\t\t<div class=\"elementor-widget-container\">\n\t\t\t\t\t\t\t<div class=\"elementor-loop-container elementor-grid\" role=\"list\">\n\t\t<style id=\"loop-361\">.elementor-361 .elementor-element.elementor-element-ad5569a{--display:flex;--flex-direction:column;--container-widget-width:100%;--container-widget-height:initial;--container-widget-flex-grow:0;--container-widget-align-self:initial;--flex-wrap-mobile:wrap;--gap:24px 24px;--row-gap:24px;--column-gap:24px;--margin-top:0px;--margin-bottom:0px;--margin-left:0px;--margin-right:0px;--padding-top:0px;--padding-bottom:0px;--padding-left:0px;--padding-right:0px;}.elementor-361 .elementor-element.elementor-element-fce82da{width:100%;max-width:100%;}.elementor-361 .elementor-element.elementor-element-fce82da img{width:100%;height:250px;object-fit:cover;object-position:top center;border-radius:8px 8px 8px 8px;}.elementor-361 .elementor-element.elementor-element-7e6f630{--divider-border-style:solid;--divider-color:#9E9E9E;--divider-border-width:1px;margin:12px 0px calc(var(--kit-widget-spacing, 0px) + 0px) 0px;padding:0px 0px 0px 0px;}.elementor-361 .elementor-element.elementor-element-7e6f630 .elementor-divider-separator{width:100%;}.elementor-361 .elementor-element.elementor-element-7e6f630 .elementor-divider{padding-block-start:0px;padding-block-end:0px;}.elementor-361 .elementor-element.elementor-element-0040835 .elementor-icon-list-icon{width:14px;}.elementor-361 .elementor-element.elementor-element-0040835 .elementor-icon-list-icon i{font-size:14px;}.elementor-361 .elementor-element.elementor-element-0040835 .elementor-icon-list-icon svg{--e-icon-list-icon-size:14px;}.elementor-361 .elementor-element.elementor-element-0040835 .elementor-icon-list-text, .elementor-361 .elementor-element.elementor-element-0040835 .elementor-icon-list-text a{color:var( --e-global-color-695aaff );}.elementor-361 .elementor-element.elementor-element-0040835 .elementor-icon-list-item{font-family:\"Mulish\", Sans-serif;font-size:16px;font-weight:200;text-transform:capitalize;}.elementor-361 .elementor-element.elementor-element-6e0f904 .elementor-heading-title{font-family:\"Mulish\", Sans-serif;font-size:28px;font-weight:400;line-height:120%;color:var( --e-global-color-695aaff );}.elementor-361 .elementor-element.elementor-element-425d5e2{font-family:\"Mulish\", Sans-serif;font-size:18px;font-weight:200;line-height:120%;color:var( --e-global-color-695aaff );}@media(max-width:767px){.elementor-361 .elementor-element.elementor-element-6e0f904 .elementor-heading-title{font-size:22px;}.elementor-361 .elementor-element.elementor-element-425d5e2{font-size:16px;}}<\/style>\t\t<div data-elementor-type=\"loop-item\" data-elementor-id=\"361\" class=\"elementor elementor-361 e-loop-item e-loop-item-1948 post-1948 post type-post status-publish format-standard has-post-thumbnail hentry category-uncategorized\" data-elementor-post-type=\"elementor_library\" data-custom-edit-handle=\"1\">\n\t\t\t<div class=\"elementor-element elementor-element-ad5569a e-flex e-con-boxed e-con e-parent\" data-id=\"ad5569a\" data-element_type=\"container\">\n\t\t\t\t\t<div class=\"e-con-inner\">\n\t\t\t\t<div class=\"elementor-element elementor-element-fce82da elementor-widget__width-inherit elementor-widget elementor-widget-image\" data-id=\"fce82da\" data-element_type=\"widget\" data-widget_type=\"image.default\">\n\t\t\t\t\t\t\t\t\t\t\t\t\t\t\t\t<a href=\"https:\/\/adventiapharma.com\/en\/adventia-pharma-y-proa-capital-conforman-el-principal-grupo-espanol-de-nutricion-clinica\/\">\n\t\t\t\t\t\t\t<img fetchpriority=\"high\" decoding=\"async\" width=\"1024\" height=\"627\" src=\"https:\/\/adventiapharma.com\/wp-content\/uploads\/2025\/08\/AF_NOTA_PRENSA_NM-1024x627-1.jpg\" class=\"attachment-full size-full wp-image-1949\" alt=\"\" srcset=\"https:\/\/adventiapharma.com\/wp-content\/uploads\/2025\/08\/AF_NOTA_PRENSA_NM-1024x627-1.jpg 1024w, https:\/\/adventiapharma.com\/wp-content\/uploads\/2025\/08\/AF_NOTA_PRENSA_NM-1024x627-1-300x184.jpg 300w, https:\/\/adventiapharma.com\/wp-content\/uploads\/2025\/08\/AF_NOTA_PRENSA_NM-1024x627-1-768x470.jpg 768w\" sizes=\"(max-width: 1024px) 100vw, 1024px\" \/>\t\t\t\t\t\t\t\t<\/a>\n\t\t\t\t\t\t\t\t\t\t\t\t\t\t\t<\/div>\n\t\t\t\t<div class=\"elementor-element elementor-element-7e6f630 elementor-widget-divider--view-line elementor-widget elementor-widget-divider\" data-id=\"7e6f630\" data-element_type=\"widget\" data-widget_type=\"divider.default\">\n\t\t\t\t\t\t\t<div class=\"elementor-divider\">\n\t\t\t<span class=\"elementor-divider-separator\">\n\t\t\t\t\t\t<\/span>\n\t\t<\/div>\n\t\t\t\t\t\t<\/div>\n\t\t\t\t<div class=\"elementor-element elementor-element-0040835 elementor-widget elementor-widget-post-info\" data-id=\"0040835\" data-element_type=\"widget\" data-widget_type=\"post-info.default\">\n\t\t\t\t\t\t\t<ul class=\"elementor-inline-items elementor-icon-list-items elementor-post-info\">\n\t\t\t\t\t\t\t\t<li class=\"elementor-icon-list-item elementor-repeater-item-d1431d6 elementor-inline-item\" itemprop=\"datePublished\">\n\t\t\t\t\t\t\t\t\t\t\t\t\t<span class=\"elementor-icon-list-text elementor-post-info__item elementor-post-info__item--type-date\">\n\t\t\t\t\t\t\t\t\t\t<time>August 20, 2025<\/time>\t\t\t\t\t<\/span>\n\t\t\t\t\t\t\t\t<\/li>\n\t\t\t\t<\/ul>\n\t\t\t\t\t\t<\/div>\n\t\t\t\t<div class=\"elementor-element elementor-element-6e0f904 elementor-widget elementor-widget-heading\" data-id=\"6e0f904\" data-element_type=\"widget\" data-widget_type=\"heading.default\">\n\t\t\t\t\t<h2 class=\"elementor-heading-title elementor-size-default\"><a href=\"https:\/\/adventiapharma.com\/en\/adventia-pharma-y-proa-capital-conforman-el-principal-grupo-espanol-de-nutricion-clinica\/\">Adventia Pharma y ProA Capital conforman el principal grupo espa\u00f1ol de nutrici\u00f3n cl\u00ednica<\/a><\/h2>\t\t\t\t<\/div>\n\t\t\t\t<div class=\"elementor-element elementor-element-425d5e2 elementor-widget elementor-widget-text-editor\" data-id=\"425d5e2\" data-element_type=\"widget\" data-widget_type=\"text-editor.default\">\n\t\t\t\t\t\t\t\t\t<p>La l\u00ednea de nutrici\u00f3n cl\u00ednica de Adventia Pharma, Nutrici\u00f3n M\u00e9dica y su filial Dieticare conforman un grupo para crecer en\t\t\t\t\t\t\t\t<\/div>\n\t\t\t\t\t<\/div>\n\t\t\t\t<\/div>\n\t\t\t\t<\/div>\n\t\t\t\t<div data-elementor-type=\"loop-item\" data-elementor-id=\"361\" class=\"elementor elementor-361 e-loop-item e-loop-item-1951 post-1951 post type-post status-publish format-standard has-post-thumbnail hentry category-uncategorized\" data-elementor-post-type=\"elementor_library\" data-custom-edit-handle=\"1\">\n\t\t\t<div class=\"elementor-element elementor-element-ad5569a e-flex e-con-boxed e-con e-parent\" data-id=\"ad5569a\" data-element_type=\"container\">\n\t\t\t\t\t<div class=\"e-con-inner\">\n\t\t\t\t<div class=\"elementor-element elementor-element-fce82da elementor-widget__width-inherit elementor-widget elementor-widget-image\" data-id=\"fce82da\" data-element_type=\"widget\" data-widget_type=\"image.default\">\n\t\t\t\t\t\t\t\t\t\t\t\t\t\t\t\t<a href=\"https:\/\/adventiapharma.com\/en\/adventia-pharma-obtiene-la-certificacion-iso-90012015-por-su-sistema-de-gestion-de-la-calidad\/\">\n\t\t\t\t\t\t\t<img decoding=\"async\" width=\"1024\" height=\"512\" src=\"https:\/\/adventiapharma.com\/wp-content\/uploads\/2025\/08\/ISO-9001-1024x512-1.png\" class=\"attachment-full size-full wp-image-1955\" alt=\"\" srcset=\"https:\/\/adventiapharma.com\/wp-content\/uploads\/2025\/08\/ISO-9001-1024x512-1.png 1024w, https:\/\/adventiapharma.com\/wp-content\/uploads\/2025\/08\/ISO-9001-1024x512-1-300x150.png 300w, https:\/\/adventiapharma.com\/wp-content\/uploads\/2025\/08\/ISO-9001-1024x512-1-768x384.png 768w\" sizes=\"(max-width: 1024px) 100vw, 1024px\" \/>\t\t\t\t\t\t\t\t<\/a>\n\t\t\t\t\t\t\t\t\t\t\t\t\t\t\t<\/div>\n\t\t\t\t<div class=\"elementor-element elementor-element-7e6f630 elementor-widget-divider--view-line elementor-widget elementor-widget-divider\" data-id=\"7e6f630\" data-element_type=\"widget\" data-widget_type=\"divider.default\">\n\t\t\t\t\t\t\t<div class=\"elementor-divider\">\n\t\t\t<span class=\"elementor-divider-separator\">\n\t\t\t\t\t\t<\/span>\n\t\t<\/div>\n\t\t\t\t\t\t<\/div>\n\t\t\t\t<div class=\"elementor-element elementor-element-0040835 elementor-widget elementor-widget-post-info\" data-id=\"0040835\" data-element_type=\"widget\" data-widget_type=\"post-info.default\">\n\t\t\t\t\t\t\t<ul class=\"elementor-inline-items elementor-icon-list-items elementor-post-info\">\n\t\t\t\t\t\t\t\t<li class=\"elementor-icon-list-item elementor-repeater-item-d1431d6 elementor-inline-item\" itemprop=\"datePublished\">\n\t\t\t\t\t\t\t\t\t\t\t\t\t<span class=\"elementor-icon-list-text elementor-post-info__item elementor-post-info__item--type-date\">\n\t\t\t\t\t\t\t\t\t\t<time>August 20, 2025<\/time>\t\t\t\t\t<\/span>\n\t\t\t\t\t\t\t\t<\/li>\n\t\t\t\t<\/ul>\n\t\t\t\t\t\t<\/div>\n\t\t\t\t<div class=\"elementor-element elementor-element-6e0f904 elementor-widget elementor-widget-heading\" data-id=\"6e0f904\" data-element_type=\"widget\" data-widget_type=\"heading.default\">\n\t\t\t\t\t<h2 class=\"elementor-heading-title elementor-size-default\"><a href=\"https:\/\/adventiapharma.com\/en\/adventia-pharma-obtiene-la-certificacion-iso-90012015-por-su-sistema-de-gestion-de-la-calidad\/\">Adventia Pharma obtiene la Certificaci\u00f3n ISO 9001:2015 por su sistema de gesti\u00f3n de la calidad<\/a><\/h2>\t\t\t\t<\/div>\n\t\t\t\t<div class=\"elementor-element elementor-element-425d5e2 elementor-widget elementor-widget-text-editor\" data-id=\"425d5e2\" data-element_type=\"widget\" data-widget_type=\"text-editor.default\">\n\t\t\t\t\t\t\t\t\t<p>Bureau Veritas&nbsp;ha acreditado a Adventia Pharma con la&nbsp;certificaci\u00f3n ISO 9001:2015&nbsp;bajo el alcance de dise\u00f1o, desarrollo, importaci\u00f3n, distribuci\u00f3n y comercializaci\u00f3n de\t\t\t\t\t\t\t\t<\/div>\n\t\t\t\t\t<\/div>\n\t\t\t\t<\/div>\n\t\t\t\t<\/div>\n\t\t\t\t<div data-elementor-type=\"loop-item\" data-elementor-id=\"361\" class=\"elementor elementor-361 e-loop-item e-loop-item-1956 post-1956 post type-post status-publish format-standard has-post-thumbnail hentry category-uncategorized\" data-elementor-post-type=\"elementor_library\" data-custom-edit-handle=\"1\">\n\t\t\t<div class=\"elementor-element elementor-element-ad5569a e-flex e-con-boxed e-con e-parent\" data-id=\"ad5569a\" data-element_type=\"container\">\n\t\t\t\t\t<div class=\"e-con-inner\">\n\t\t\t\t<div class=\"elementor-element elementor-element-fce82da elementor-widget__width-inherit elementor-widget elementor-widget-image\" data-id=\"fce82da\" data-element_type=\"widget\" data-widget_type=\"image.default\">\n\t\t\t\t\t\t\t\t\t\t\t\t\t\t\t\t<a href=\"https:\/\/adventiapharma.com\/en\/adventia-pharma-reconocida-pyme-innovadora-por-el-ministerio-de-ciencia-innovacion-y-universidades\/\">\n\t\t\t\t\t\t\t<img decoding=\"async\" width=\"1024\" height=\"512\" src=\"https:\/\/adventiapharma.com\/wp-content\/uploads\/2025\/08\/Adventia-Pharma-presenta-su-Plan-de-Innovacion-en-Madrid-1024x512-1.jpg\" class=\"attachment-full size-full wp-image-1957\" alt=\"\" srcset=\"https:\/\/adventiapharma.com\/wp-content\/uploads\/2025\/08\/Adventia-Pharma-presenta-su-Plan-de-Innovacion-en-Madrid-1024x512-1.jpg 1024w, https:\/\/adventiapharma.com\/wp-content\/uploads\/2025\/08\/Adventia-Pharma-presenta-su-Plan-de-Innovacion-en-Madrid-1024x512-1-300x150.jpg 300w, https:\/\/adventiapharma.com\/wp-content\/uploads\/2025\/08\/Adventia-Pharma-presenta-su-Plan-de-Innovacion-en-Madrid-1024x512-1-768x384.jpg 768w\" sizes=\"(max-width: 1024px) 100vw, 1024px\" \/>\t\t\t\t\t\t\t\t<\/a>\n\t\t\t\t\t\t\t\t\t\t\t\t\t\t\t<\/div>\n\t\t\t\t<div class=\"elementor-element elementor-element-7e6f630 elementor-widget-divider--view-line elementor-widget elementor-widget-divider\" data-id=\"7e6f630\" data-element_type=\"widget\" data-widget_type=\"divider.default\">\n\t\t\t\t\t\t\t<div class=\"elementor-divider\">\n\t\t\t<span class=\"elementor-divider-separator\">\n\t\t\t\t\t\t<\/span>\n\t\t<\/div>\n\t\t\t\t\t\t<\/div>\n\t\t\t\t<div class=\"elementor-element elementor-element-0040835 elementor-widget elementor-widget-post-info\" data-id=\"0040835\" data-element_type=\"widget\" data-widget_type=\"post-info.default\">\n\t\t\t\t\t\t\t<ul class=\"elementor-inline-items elementor-icon-list-items elementor-post-info\">\n\t\t\t\t\t\t\t\t<li class=\"elementor-icon-list-item elementor-repeater-item-d1431d6 elementor-inline-item\" itemprop=\"datePublished\">\n\t\t\t\t\t\t\t\t\t\t\t\t\t<span class=\"elementor-icon-list-text elementor-post-info__item elementor-post-info__item--type-date\">\n\t\t\t\t\t\t\t\t\t\t<time>August 20, 2025<\/time>\t\t\t\t\t<\/span>\n\t\t\t\t\t\t\t\t<\/li>\n\t\t\t\t<\/ul>\n\t\t\t\t\t\t<\/div>\n\t\t\t\t<div class=\"elementor-element elementor-element-6e0f904 elementor-widget elementor-widget-heading\" data-id=\"6e0f904\" data-element_type=\"widget\" data-widget_type=\"heading.default\">\n\t\t\t\t\t<h2 class=\"elementor-heading-title elementor-size-default\"><a href=\"https:\/\/adventiapharma.com\/en\/adventia-pharma-reconocida-pyme-innovadora-por-el-ministerio-de-ciencia-innovacion-y-universidades\/\">Adventia Pharma, reconocida PYME Innovadora por el Ministerio de Ciencia, Innovaci\u00f3n y Universidades<\/a><\/h2>\t\t\t\t<\/div>\n\t\t\t\t<div class=\"elementor-element elementor-element-425d5e2 elementor-widget elementor-widget-text-editor\" data-id=\"425d5e2\" data-element_type=\"widget\" data-widget_type=\"text-editor.default\">\n\t\t\t\t\t\t\t\t\t<p>El laboratorio farmac\u00e9utico obtiene por segunda vez este Sello, resultado de su demostrado car\u00e1cter innovador. Adventia Pharma, laboratorio farmac\u00e9utico especializado\t\t\t\t\t\t\t\t<\/div>\n\t\t\t\t\t<\/div>\n\t\t\t\t<\/div>\n\t\t\t\t<\/div>\n\t\t\t\t<\/div>\n\t\t\n\t\t\t\t\t\t<\/div>\n\t\t\t\t<\/div>\n\t\t\t\t<\/div>\n\t\t\t\t<\/div>\n\t\t\t\t<\/div>\n\t\t","protected":false},"excerpt":{"rendered":"<p>News<\/p>","protected":false},"author":1,"featured_media":0,"parent":0,"menu_order":0,"comment_status":"closed","ping_status":"closed","template":"elementor_header_footer","meta":{"_acf_changed":false,"footnotes":""},"class_list":["post-2013","page","type-page","status-publish","hentry"],"acf":[],"yoast_head":"<!-- This site is optimized with the Yoast SEO plugin v27.4 - https:\/\/yoast.com\/product\/yoast-seo-wordpress\/ -->\n<title>Noticias - Adventia Pharma<\/title>\n<meta name=\"robots\" content=\"index, follow, max-snippet:-1, max-image-preview:large, max-video-preview:-1\" \/>\n<link rel=\"canonical\" href=\"https:\/\/adventiapharma.com\/en\/noticias\/\" \/>\n<meta property=\"og:locale\" content=\"en_GB\" \/>\n<meta property=\"og:type\" content=\"article\" \/>\n<meta property=\"og:title\" content=\"Noticias - Adventia Pharma\" \/>\n<meta property=\"og:description\" content=\"Noticias\" \/>\n<meta property=\"og:url\" content=\"https:\/\/adventiapharma.com\/en\/noticias\/\" \/>\n<meta property=\"og:site_name\" content=\"Adventia Pharma\" \/>\n<meta property=\"article:modified_time\" content=\"2025-09-19T11:03:49+00:00\" \/>\n<meta name=\"twitter:card\" content=\"summary_large_image\" \/>\n<meta name=\"twitter:label1\" content=\"Estimated reading time\" \/>\n\t<meta name=\"twitter:data1\" content=\"2 minutes\" \/>\n<script type=\"application\/ld+json\" class=\"yoast-schema-graph\">{\"@context\":\"https:\\\/\\\/schema.org\",\"@graph\":[{\"@type\":\"WebPage\",\"@id\":\"https:\\\/\\\/adventiapharma.com\\\/noticias\\\/\",\"url\":\"https:\\\/\\\/adventiapharma.com\\\/noticias\\\/\",\"name\":\"Noticias - Adventia Pharma\",\"isPartOf\":{\"@id\":\"https:\\\/\\\/adventiapharma.com\\\/#website\"},\"datePublished\":\"2025-08-21T22:57:16+00:00\",\"dateModified\":\"2025-09-19T11:03:49+00:00\",\"breadcrumb\":{\"@id\":\"https:\\\/\\\/adventiapharma.com\\\/noticias\\\/#breadcrumb\"},\"inLanguage\":\"en-GB\",\"potentialAction\":[{\"@type\":\"ReadAction\",\"target\":[\"https:\\\/\\\/adventiapharma.com\\\/noticias\\\/\"]}]},{\"@type\":\"BreadcrumbList\",\"@id\":\"https:\\\/\\\/adventiapharma.com\\\/noticias\\\/#breadcrumb\",\"itemListElement\":[{\"@type\":\"ListItem\",\"position\":1,\"name\":\"Portada\",\"item\":\"https:\\\/\\\/adventiapharma.com\\\/\"},{\"@type\":\"ListItem\",\"position\":2,\"name\":\"Noticias\"}]},{\"@type\":\"WebSite\",\"@id\":\"https:\\\/\\\/adventiapharma.com\\\/#website\",\"url\":\"https:\\\/\\\/adventiapharma.com\\\/\",\"name\":\"Adventia Pharma\",\"description\":\"Innovamos por ti\",\"potentialAction\":[{\"@type\":\"SearchAction\",\"target\":{\"@type\":\"EntryPoint\",\"urlTemplate\":\"https:\\\/\\\/adventiapharma.com\\\/?s={search_term_string}\"},\"query-input\":{\"@type\":\"PropertyValueSpecification\",\"valueRequired\":true,\"valueName\":\"search_term_string\"}}],\"inLanguage\":\"en-GB\"}]}<\/script>\n<!-- \/ Yoast SEO plugin. -->","yoast_head_json":{"title":"News - Adventia Pharma","robots":{"index":"index","follow":"follow","max-snippet":"max-snippet:-1","max-image-preview":"max-image-preview:large","max-video-preview":"max-video-preview:-1"},"canonical":"https:\/\/adventiapharma.com\/en\/noticias\/","og_locale":"en_GB","og_type":"article","og_title":"Noticias - Adventia Pharma","og_description":"Noticias","og_url":"https:\/\/adventiapharma.com\/en\/noticias\/","og_site_name":"Adventia Pharma","article_modified_time":"2025-09-19T11:03:49+00:00","twitter_card":"summary_large_image","twitter_misc":{"Estimated reading time":"2 minutes"},"schema":{"@context":"https:\/\/schema.org","@graph":[{"@type":"WebPage","@id":"https:\/\/adventiapharma.com\/noticias\/","url":"https:\/\/adventiapharma.com\/noticias\/","name":"News - Adventia Pharma","isPartOf":{"@id":"https:\/\/adventiapharma.com\/#website"},"datePublished":"2025-08-21T22:57:16+00:00","dateModified":"2025-09-19T11:03:49+00:00","breadcrumb":{"@id":"https:\/\/adventiapharma.com\/noticias\/#breadcrumb"},"inLanguage":"en-GB","potentialAction":[{"@type":"ReadAction","target":["https:\/\/adventiapharma.com\/noticias\/"]}]},{"@type":"BreadcrumbList","@id":"https:\/\/adventiapharma.com\/noticias\/#breadcrumb","itemListElement":[{"@type":"ListItem","position":1,"name":"Portada","item":"https:\/\/adventiapharma.com\/"},{"@type":"ListItem","position":2,"name":"Noticias"}]},{"@type":"WebSite","@id":"https:\/\/adventiapharma.com\/#website","url":"https:\/\/adventiapharma.com\/","name":"Adventia Pharma","description":"We innovate for you","potentialAction":[{"@type":"SearchAction","target":{"@type":"EntryPoint","urlTemplate":"https:\/\/adventiapharma.com\/?s={search_term_string}"},"query-input":{"@type":"PropertyValueSpecification","valueRequired":true,"valueName":"search_term_string"}}],"inLanguage":"en-GB"}]}},"_links":{"self":[{"href":"https:\/\/adventiapharma.com\/en\/wp-json\/wp\/v2\/pages\/2013","targetHints":{"allow":["GET"]}}],"collection":[{"href":"https:\/\/adventiapharma.com\/en\/wp-json\/wp\/v2\/pages"}],"about":[{"href":"https:\/\/adventiapharma.com\/en\/wp-json\/wp\/v2\/types\/page"}],"author":[{"embeddable":true,"href":"https:\/\/adventiapharma.com\/en\/wp-json\/wp\/v2\/users\/1"}],"replies":[{"embeddable":true,"href":"https:\/\/adventiapharma.com\/en\/wp-json\/wp\/v2\/comments?post=2013"}],"version-history":[{"count":37,"href":"https:\/\/adventiapharma.com\/en\/wp-json\/wp\/v2\/pages\/2013\/revisions"}],"predecessor-version":[{"id":2700,"href":"https:\/\/adventiapharma.com\/en\/wp-json\/wp\/v2\/pages\/2013\/revisions\/2700"}],"wp:attachment":[{"href":"https:\/\/adventiapharma.com\/en\/wp-json\/wp\/v2\/media?parent=2013"}],"curies":[{"name":"wp","href":"https:\/\/api.w.org\/{rel}","templated":true}]}}