{"id":2345,"date":"2025-09-09T17:50:34","date_gmt":"2025-09-09T15:50:34","guid":{"rendered":"https:\/\/adventiapharma.midrocket.com\/?page_id=2345"},"modified":"2025-09-09T18:05:54","modified_gmt":"2025-09-09T16:05:54","slug":"contacto-farmacovigilancia","status":"publish","type":"page","link":"https:\/\/adventiapharma.com\/en\/contacto-farmacovigilancia\/","title":{"rendered":"Pharmacovigilance contact"},"content":{"rendered":"<div data-elementor-type=\"wp-page\" data-elementor-id=\"2345\" class=\"elementor elementor-2345\" data-elementor-post-type=\"page\">\n\t\t\t\t<div class=\"elementor-element elementor-element-1faca75 e-flex e-con-boxed e-con e-parent\" data-id=\"1faca75\" data-element_type=\"container\" data-settings=\"{&quot;background_background&quot;:&quot;classic&quot;}\">\n\t\t\t\t\t<div class=\"e-con-inner\">\n\t\t\t\t<div class=\"elementor-element elementor-element-8be7d48 elementor-widget__width-initial elementor-widget elementor-widget-heading\" data-id=\"8be7d48\" data-element_type=\"widget\" data-widget_type=\"heading.default\">\n\t\t\t\t\t<h1 class=\"elementor-heading-title elementor-size-default\">Pharmacovigilance Contact<\/h1>\t\t\t\t<\/div>\n\t\t\t\t<div class=\"elementor-element elementor-element-5740798 elementor-widget__width-initial elementor-widget elementor-widget-text-editor\" data-id=\"5740798\" data-element_type=\"widget\" data-widget_type=\"text-editor.default\">\n\t\t\t\t\t\t\t\t\t<p>Adventia Pharma has a\u00a0<strong>Pharmacovigilance System<\/strong>\u00a0For the collection and evaluation of suspected adverse reactions to the medicines it markets. If you suspect a possible adverse reaction to an Adventia Pharma medicine, please complete the following form to contact our Pharmacovigilance department directly.<\/p>\t\t\t\t\t\t\t\t<\/div>\n\t\t\t\t\t<\/div>\n\t\t\t\t<\/div>\n\t\t<div class=\"elementor-element elementor-element-096ea12 e-con-full e-flex e-con e-parent\" data-id=\"096ea12\" data-element_type=\"container\">\n\t\t\t\t<div class=\"elementor-element elementor-element-e0c9a32 elementor-widget__width-inherit elementor-widget elementor-widget-html\" data-id=\"e0c9a32\" data-element_type=\"widget\" data-widget_type=\"html.default\">\n\t\t\t\t\t<iframe width=\"1920px\" height=\"1700px\" src=\"https:\/\/forms.office.com\/e\/ziAvV9iGGa?embed=true\" frameborder=\"0\" marginwidth=\"0\" marginheight=\"0\" style=\"border: none; max-width:100%; max-height:1800px\" allowfullscreen webkitallowfullscreen mozallowfullscreen msallowfullscreen> <\/iframe>\t\t\t\t<\/div>\n\t\t\t\t<\/div>\n\t\t\t\t<\/div>","protected":false},"excerpt":{"rendered":"<p>Pharmacovigilance Contact: Adventia Pharma has a Pharmacovigilance System in place for collecting and evaluating suspected adverse reactions to the medicines it markets. If you suspect a possible adverse reaction to an Adventia Pharma medicine, please complete the following form to contact our Pharmacovigilance department directly.<\/p>","protected":false},"author":1,"featured_media":0,"parent":0,"menu_order":0,"comment_status":"closed","ping_status":"closed","template":"elementor_header_footer","meta":{"_acf_changed":false,"footnotes":""},"class_list":["post-2345","page","type-page","status-publish","hentry"],"acf":[],"yoast_head":"<!-- This site is optimized with the Yoast SEO plugin v27.3 - https:\/\/yoast.com\/product\/yoast-seo-wordpress\/ -->\n<title>Contacto farmacovigilancia - Adventia Pharma<\/title>\n<meta name=\"robots\" content=\"index, follow, max-snippet:-1, max-image-preview:large, max-video-preview:-1\" \/>\n<link rel=\"canonical\" href=\"https:\/\/adventiapharma.com\/en\/contacto-farmacovigilancia\/\" \/>\n<meta property=\"og:locale\" content=\"en_GB\" \/>\n<meta property=\"og:type\" content=\"article\" \/>\n<meta property=\"og:title\" content=\"Contacto farmacovigilancia - Adventia Pharma\" \/>\n<meta property=\"og:description\" content=\"Contacto Farmacovigilancia Adventia Pharma cuenta con un\u00a0Sistema de Farmacovigilancia\u00a0para la recopilaci\u00f3n y evaluaci\u00f3n de las sospechas de reacciones adversas a los medicamentos que comercializa. Si sospechas de una posible reacci\u00f3n adversa de un medicamento de Adventia Pharma, por favor rellene el siguiente formulario para contactar directamente con nuestro departamento de Farmacovigilancia.\" \/>\n<meta property=\"og:url\" content=\"https:\/\/adventiapharma.com\/en\/contacto-farmacovigilancia\/\" \/>\n<meta property=\"og:site_name\" content=\"Adventia Pharma\" \/>\n<meta property=\"article:modified_time\" content=\"2025-09-09T16:05:54+00:00\" \/>\n<meta name=\"twitter:card\" content=\"summary_large_image\" \/>\n<meta name=\"twitter:label1\" content=\"Estimated reading time\" \/>\n\t<meta name=\"twitter:data1\" content=\"1 minute\" \/>\n<script type=\"application\/ld+json\" class=\"yoast-schema-graph\">{\"@context\":\"https:\\\/\\\/schema.org\",\"@graph\":[{\"@type\":\"WebPage\",\"@id\":\"https:\\\/\\\/adventiapharma.com\\\/contacto-farmacovigilancia\\\/\",\"url\":\"https:\\\/\\\/adventiapharma.com\\\/contacto-farmacovigilancia\\\/\",\"name\":\"Contacto farmacovigilancia - Adventia Pharma\",\"isPartOf\":{\"@id\":\"https:\\\/\\\/adventiapharma.com\\\/#website\"},\"datePublished\":\"2025-09-09T15:50:34+00:00\",\"dateModified\":\"2025-09-09T16:05:54+00:00\",\"breadcrumb\":{\"@id\":\"https:\\\/\\\/adventiapharma.com\\\/contacto-farmacovigilancia\\\/#breadcrumb\"},\"inLanguage\":\"en-GB\",\"potentialAction\":[{\"@type\":\"ReadAction\",\"target\":[\"https:\\\/\\\/adventiapharma.com\\\/contacto-farmacovigilancia\\\/\"]}]},{\"@type\":\"BreadcrumbList\",\"@id\":\"https:\\\/\\\/adventiapharma.com\\\/contacto-farmacovigilancia\\\/#breadcrumb\",\"itemListElement\":[{\"@type\":\"ListItem\",\"position\":1,\"name\":\"Portada\",\"item\":\"https:\\\/\\\/adventiapharma.com\\\/\"},{\"@type\":\"ListItem\",\"position\":2,\"name\":\"Contacto farmacovigilancia\"}]},{\"@type\":\"WebSite\",\"@id\":\"https:\\\/\\\/adventiapharma.com\\\/#website\",\"url\":\"https:\\\/\\\/adventiapharma.com\\\/\",\"name\":\"Adventia Pharma\",\"description\":\"Innovamos por ti\",\"potentialAction\":[{\"@type\":\"SearchAction\",\"target\":{\"@type\":\"EntryPoint\",\"urlTemplate\":\"https:\\\/\\\/adventiapharma.com\\\/?s={search_term_string}\"},\"query-input\":{\"@type\":\"PropertyValueSpecification\",\"valueRequired\":true,\"valueName\":\"search_term_string\"}}],\"inLanguage\":\"en-GB\"}]}<\/script>\n<!-- \/ Yoast SEO plugin. -->","yoast_head_json":{"title":"Pharmacovigilance Contact - Adventia Pharma","robots":{"index":"index","follow":"follow","max-snippet":"max-snippet:-1","max-image-preview":"max-image-preview:large","max-video-preview":"max-video-preview:-1"},"canonical":"https:\/\/adventiapharma.com\/en\/contacto-farmacovigilancia\/","og_locale":"en_GB","og_type":"article","og_title":"Contacto farmacovigilancia - Adventia Pharma","og_description":"Contacto Farmacovigilancia Adventia Pharma cuenta con un\u00a0Sistema de Farmacovigilancia\u00a0para la recopilaci\u00f3n y evaluaci\u00f3n de las sospechas de reacciones adversas a los medicamentos que comercializa. Si sospechas de una posible reacci\u00f3n adversa de un medicamento de Adventia Pharma, por favor rellene el siguiente formulario para contactar directamente con nuestro departamento de Farmacovigilancia.","og_url":"https:\/\/adventiapharma.com\/en\/contacto-farmacovigilancia\/","og_site_name":"Adventia Pharma","article_modified_time":"2025-09-09T16:05:54+00:00","twitter_card":"summary_large_image","twitter_misc":{"Estimated reading time":"1 minute"},"schema":{"@context":"https:\/\/schema.org","@graph":[{"@type":"WebPage","@id":"https:\/\/adventiapharma.com\/contacto-farmacovigilancia\/","url":"https:\/\/adventiapharma.com\/contacto-farmacovigilancia\/","name":"Pharmacovigilance Contact - Adventia Pharma","isPartOf":{"@id":"https:\/\/adventiapharma.com\/#website"},"datePublished":"2025-09-09T15:50:34+00:00","dateModified":"2025-09-09T16:05:54+00:00","breadcrumb":{"@id":"https:\/\/adventiapharma.com\/contacto-farmacovigilancia\/#breadcrumb"},"inLanguage":"en-GB","potentialAction":[{"@type":"ReadAction","target":["https:\/\/adventiapharma.com\/contacto-farmacovigilancia\/"]}]},{"@type":"BreadcrumbList","@id":"https:\/\/adventiapharma.com\/contacto-farmacovigilancia\/#breadcrumb","itemListElement":[{"@type":"ListItem","position":1,"name":"Portada","item":"https:\/\/adventiapharma.com\/"},{"@type":"ListItem","position":2,"name":"Contacto farmacovigilancia"}]},{"@type":"WebSite","@id":"https:\/\/adventiapharma.com\/#website","url":"https:\/\/adventiapharma.com\/","name":"Adventia Pharma","description":"We innovate for you","potentialAction":[{"@type":"SearchAction","target":{"@type":"EntryPoint","urlTemplate":"https:\/\/adventiapharma.com\/?s={search_term_string}"},"query-input":{"@type":"PropertyValueSpecification","valueRequired":true,"valueName":"search_term_string"}}],"inLanguage":"en-GB"}]}},"_links":{"self":[{"href":"https:\/\/adventiapharma.com\/en\/wp-json\/wp\/v2\/pages\/2345","targetHints":{"allow":["GET"]}}],"collection":[{"href":"https:\/\/adventiapharma.com\/en\/wp-json\/wp\/v2\/pages"}],"about":[{"href":"https:\/\/adventiapharma.com\/en\/wp-json\/wp\/v2\/types\/page"}],"author":[{"embeddable":true,"href":"https:\/\/adventiapharma.com\/en\/wp-json\/wp\/v2\/users\/1"}],"replies":[{"embeddable":true,"href":"https:\/\/adventiapharma.com\/en\/wp-json\/wp\/v2\/comments?post=2345"}],"version-history":[{"count":52,"href":"https:\/\/adventiapharma.com\/en\/wp-json\/wp\/v2\/pages\/2345\/revisions"}],"predecessor-version":[{"id":2398,"href":"https:\/\/adventiapharma.com\/en\/wp-json\/wp\/v2\/pages\/2345\/revisions\/2398"}],"wp:attachment":[{"href":"https:\/\/adventiapharma.com\/en\/wp-json\/wp\/v2\/media?parent=2345"}],"curies":[{"name":"wp","href":"https:\/\/api.w.org\/{rel}","templated":true}]}}